{"id":1153,"date":"2021-05-17T11:46:50","date_gmt":"2021-05-17T09:46:50","guid":{"rendered":"http:\/\/37398.web.zcom.it\/?page_id=1153"},"modified":"2024-12-13T09:18:17","modified_gmt":"2024-12-13T08:18:17","slug":"impressum","status":"publish","type":"page","link":"https:\/\/www.gstattlhof.it\/it\/impressum\/","title":{"rendered":"Impressum"},"content":{"rendered":"\t\t<div data-elementor-type=\"wp-page\" data-elementor-id=\"1153\" class=\"elementor elementor-1153 elementor-1151\">\n\t\t\t\t\t\t<section class=\"elementor-section elementor-top-section elementor-element elementor-element-5d818f6 elementor-section-boxed elementor-section-height-default elementor-section-height-default\" data-id=\"5d818f6\" data-element_type=\"section\" data-settings=\"{&quot;jet_parallax_layout_list&quot;:[{&quot;jet_parallax_layout_image&quot;:{&quot;url&quot;:&quot;&quot;,&quot;id&quot;:&quot;&quot;,&quot;size&quot;:&quot;&quot;},&quot;_id&quot;:&quot;fd53cd5&quot;,&quot;jet_parallax_layout_speed&quot;:{&quot;unit&quot;:&quot;%&quot;,&quot;size&quot;:&quot;50&quot;,&quot;sizes&quot;:[]},&quot;jet_parallax_layout_bg_x&quot;:&quot;50&quot;,&quot;jet_parallax_layout_bg_y&quot;:&quot;50&quot;,&quot;jet_parallax_layout_image_tablet&quot;:{&quot;url&quot;:&quot;&quot;,&quot;id&quot;:&quot;&quot;,&quot;size&quot;:&quot;&quot;},&quot;jet_parallax_layout_image_mobile&quot;:{&quot;url&quot;:&quot;&quot;,&quot;id&quot;:&quot;&quot;,&quot;size&quot;:&quot;&quot;},&quot;jet_parallax_layout_type&quot;:&quot;scroll&quot;,&quot;jet_parallax_layout_direction&quot;:null,&quot;jet_parallax_layout_fx_direction&quot;:null,&quot;jet_parallax_layout_z_index&quot;:&quot;&quot;,&quot;jet_parallax_layout_bg_x_tablet&quot;:&quot;&quot;,&quot;jet_parallax_layout_bg_x_mobile&quot;:&quot;&quot;,&quot;jet_parallax_layout_bg_y_tablet&quot;:&quot;&quot;,&quot;jet_parallax_layout_bg_y_mobile&quot;:&quot;&quot;,&quot;jet_parallax_layout_bg_size&quot;:&quot;auto&quot;,&quot;jet_parallax_layout_bg_size_tablet&quot;:&quot;&quot;,&quot;jet_parallax_layout_bg_size_mobile&quot;:&quot;&quot;,&quot;jet_parallax_layout_animation_prop&quot;:&quot;transform&quot;,&quot;jet_parallax_layout_on&quot;:[&quot;desktop&quot;,&quot;tablet&quot;]}],&quot;background_background&quot;:&quot;gradient&quot;}\">\n\t\t\t\t\t\t<div class=\"elementor-container elementor-column-gap-no\">\n\t\t\t\t\t<div class=\"elementor-column elementor-col-100 elementor-top-column elementor-element elementor-element-db697ef\" data-id=\"db697ef\" data-element_type=\"column\">\n\t\t\t<div class=\"elementor-widget-wrap elementor-element-populated\">\n\t\t\t\t\t\t<div class=\"elementor-element elementor-element-beb0d6b elementor-widget elementor-widget-heading\" data-id=\"beb0d6b\" data-element_type=\"widget\" data-widget_type=\"heading.default\">\n\t\t\t\t<div class=\"elementor-widget-container\">\n\t\t\t<h2 class=\"elementor-heading-title elementor-size-default\">Impressum<\/h2>\t\t<\/div>\n\t\t\t\t<\/div>\n\t\t\t\t\t<\/div>\n\t\t<\/div>\n\t\t\t\t\t<\/div>\n\t\t<\/section>\n\t\t\t\t<section class=\"elementor-section elementor-top-section elementor-element elementor-element-3676236 elementor-section-boxed elementor-section-height-default elementor-section-height-default\" data-id=\"3676236\" data-element_type=\"section\" data-settings=\"{&quot;jet_parallax_layout_list&quot;:[{&quot;jet_parallax_layout_image&quot;:{&quot;url&quot;:&quot;&quot;,&quot;id&quot;:&quot;&quot;,&quot;size&quot;:&quot;&quot;},&quot;_id&quot;:&quot;504a70b&quot;,&quot;jet_parallax_layout_speed&quot;:{&quot;unit&quot;:&quot;%&quot;,&quot;size&quot;:&quot;50&quot;,&quot;sizes&quot;:[]},&quot;jet_parallax_layout_bg_x&quot;:&quot;50&quot;,&quot;jet_parallax_layout_bg_y&quot;:&quot;50&quot;,&quot;jet_parallax_layout_image_tablet&quot;:{&quot;url&quot;:&quot;&quot;,&quot;id&quot;:&quot;&quot;,&quot;size&quot;:&quot;&quot;},&quot;jet_parallax_layout_image_mobile&quot;:{&quot;url&quot;:&quot;&quot;,&quot;id&quot;:&quot;&quot;,&quot;size&quot;:&quot;&quot;},&quot;jet_parallax_layout_type&quot;:&quot;scroll&quot;,&quot;jet_parallax_layout_direction&quot;:null,&quot;jet_parallax_layout_fx_direction&quot;:null,&quot;jet_parallax_layout_z_index&quot;:&quot;&quot;,&quot;jet_parallax_layout_bg_x_tablet&quot;:&quot;&quot;,&quot;jet_parallax_layout_bg_x_mobile&quot;:&quot;&quot;,&quot;jet_parallax_layout_bg_y_tablet&quot;:&quot;&quot;,&quot;jet_parallax_layout_bg_y_mobile&quot;:&quot;&quot;,&quot;jet_parallax_layout_bg_size&quot;:&quot;auto&quot;,&quot;jet_parallax_layout_bg_size_tablet&quot;:&quot;&quot;,&quot;jet_parallax_layout_bg_size_mobile&quot;:&quot;&quot;,&quot;jet_parallax_layout_animation_prop&quot;:&quot;transform&quot;,&quot;jet_parallax_layout_on&quot;:[&quot;desktop&quot;,&quot;tablet&quot;]}]}\">\n\t\t\t\t\t\t<div class=\"elementor-container elementor-column-gap-no\">\n\t\t\t\t\t<div class=\"elementor-column elementor-col-50 elementor-top-column elementor-element elementor-element-3a4c2034\" data-id=\"3a4c2034\" data-element_type=\"column\">\n\t\t\t<div class=\"elementor-widget-wrap elementor-element-populated\">\n\t\t\t\t\t\t<div class=\"elementor-element elementor-element-f034c18 elementor-widget elementor-widget-text-editor\" data-id=\"f034c18\" data-element_type=\"widget\" data-widget_type=\"text-editor.default\">\n\t\t\t\t<div class=\"elementor-widget-container\">\n\t\t\t\t\t\t\t<p><strong>Proprietario e responsabile per il contenuto:<br><\/strong>Gstattlhof<br>St. Veit 15 , 39030 Braies<br>Tel. +39 0474 748648<br><a href=\"mailto:info@gstattlhof.it\">info@gstattlhof.it<\/a><br><a href=\"http:\/\/www.gstattlhof.it\">www.gstattlhof.it<\/a><\/p>\n<p>Part.IVA: 02300240211<br>Cod.fisc.: SNTJGN74B15H786C<br>Codice destinatario: W7YVJK9<\/p><p>CIN: IT021009B5KVOI2X48<\/p>\n<p><strong>Materiale fotografico:<\/strong><br>Gstattlhof,<br>Kottersteger, Wisthaler, Colman, Tschurtschenthaler \u2013 Drei Zinnen Marketing\/IDM S\u00fcdtirol<\/p>\n<p><strong>Avviso di responsabilit\u00e0:<\/strong><br>I marchi e le societ\u00e0 citate su questo sito sono di propriet\u00e0 del apposito titolare.<br>Nonostante l\u2019attento controllo dei contenuti, non assumiamo nessuna responsabilit\u00e0 per i contenuti relativi a link esterni. Sono responsabili per il contenuto delle pagine collegate esclusivamente i gestori delle pagine stesse.<\/p>\t\t\t\t\t\t<\/div>\n\t\t\t\t<\/div>\n\t\t\t\t\t<\/div>\n\t\t<\/div>\n\t\t\t\t<div class=\"elementor-column elementor-col-50 elementor-top-column elementor-element elementor-element-5288ce0d\" data-id=\"5288ce0d\" data-element_type=\"column\">\n\t\t\t<div class=\"elementor-widget-wrap elementor-element-populated\">\n\t\t\t\t\t\t<div class=\"elementor-element elementor-element-23325d51 elementor-widget elementor-widget-text-editor\" data-id=\"23325d51\" data-element_type=\"widget\" data-widget_type=\"text-editor.default\">\n\t\t\t\t<div class=\"elementor-widget-container\">\n\t\t\t\t\t\t\t<p><strong>Realizzazione, Concetto &amp; Design:<br \/><\/strong>Fuchsdesign<br \/>Via Dolomiti 25a, 39034 Dobbiaco<br \/>Alto Adige \u2013 Italia<br \/>Tel +39 0474 979 048<br \/><a href=\"mailto:info@fuchsdesign.it\">info@fuchsdesign.it<\/a><br \/><a class=\"external-link-new-window\" title=\"Opens external link in new window\" href=\"http:\/\/www.fuchsdesign.it\/\" target=\"_blank\" rel=\"noopener noreferrer\">www.fuchsdesign.it<\/a><\/p><p><strong>Informazione obbligatoria ai sensi del Regolamento UE n. 524\/2016 del Parlamento europeo e del Consiglio<\/strong><br \/>Piattaforma per la risoluzione delle controversie online dei consumatori (ODR) della Commissione europea:\u00a0<a href=\"https:\/\/ec.europa.eu\/consumers\/odr\/\" target=\"_blank\" rel=\"noopener noreferrer\">https:\/\/ec.europa.eu\/consumers\/odr\/<\/a><\/p>\t\t\t\t\t\t<\/div>\n\t\t\t\t<\/div>\n\t\t\t\t\t<\/div>\n\t\t<\/div>\n\t\t\t\t\t<\/div>\n\t\t<\/section>\n\t\t\t\t<\/div>\n\t\t","protected":false},"excerpt":{"rendered":"<p>Impressum Proprietario e responsabile per il contenuto:GstattlhofSt. Veit 15 , 39030 BraiesTel. +39 0474 748648info@gstattlhof.itwww.gstattlhof.it Part.IVA: 02300240211Cod.fisc.: SNTJGN74B15H786CCodice destinatario: W7YVJK9 CIN: IT021009B5KVOI2X48 Materiale fotografico:Gstattlhof,Kottersteger, Wisthaler, Colman, Tschurtschenthaler \u2013 Drei Zinnen Marketing\/IDM S\u00fcdtirol Avviso di responsabilit\u00e0:I marchi e le societ\u00e0 citate su questo sito sono di propriet\u00e0 del apposito titolare.Nonostante l\u2019attento controllo dei contenuti, non assumiamo [&hellip;]<\/p>\n","protected":false},"author":1,"featured_media":0,"parent":0,"menu_order":0,"comment_status":"closed","ping_status":"closed","template":"full-width.php","meta":{"_acf_changed":false,"footnotes":""},"class_list":["post-1153","page","type-page","status-publish","hentry"],"acf":[],"yoast_head":"<!-- This site is optimized with the Yoast SEO plugin v23.3 - https:\/\/yoast.com\/wordpress\/plugins\/seo\/ -->\n<title>Impressum - Gstattlhof, Appartamenti Valle di Braies Lago<\/title>\n<meta name=\"robots\" content=\"index, follow, max-snippet:-1, max-image-preview:large, max-video-preview:-1\" \/>\n<link rel=\"canonical\" href=\"https:\/\/www.gstattlhof.it\/it\/impressum\/\" \/>\n<meta property=\"og:locale\" content=\"it_IT\" \/>\n<meta property=\"og:type\" content=\"article\" \/>\n<meta property=\"og:title\" content=\"Impressum - Gstattlhof, Appartamenti Valle di Braies Lago\" \/>\n<meta property=\"og:description\" content=\"Impressum Proprietario e responsabile per il contenuto:GstattlhofSt. Veit 15 , 39030 BraiesTel. +39 0474 748648info@gstattlhof.itwww.gstattlhof.it Part.IVA: 02300240211Cod.fisc.: SNTJGN74B15H786CCodice destinatario: W7YVJK9 CIN: IT021009B5KVOI2X48 Materiale fotografico:Gstattlhof,Kottersteger, Wisthaler, Colman, Tschurtschenthaler \u2013 Drei Zinnen Marketing\/IDM S\u00fcdtirol Avviso di responsabilit\u00e0:I marchi e le societ\u00e0 citate su questo sito sono di propriet\u00e0 del apposito titolare.Nonostante l\u2019attento controllo dei contenuti, non assumiamo [&hellip;]\" \/>\n<meta property=\"og:url\" content=\"https:\/\/www.gstattlhof.it\/it\/impressum\/\" \/>\n<meta property=\"og:site_name\" content=\"Gstattlhof\" \/>\n<meta property=\"article:modified_time\" content=\"2024-12-13T08:18:17+00:00\" \/>\n<meta name=\"twitter:card\" content=\"summary_large_image\" \/>\n<meta name=\"twitter:label1\" content=\"Tempo di lettura stimato\" \/>\n\t<meta name=\"twitter:data1\" content=\"1 minuto\" \/>\n<script type=\"application\/ld+json\" class=\"yoast-schema-graph\">{\"@context\":\"https:\/\/schema.org\",\"@graph\":[{\"@type\":\"WebPage\",\"@id\":\"https:\/\/www.gstattlhof.it\/it\/impressum\/\",\"url\":\"https:\/\/www.gstattlhof.it\/it\/impressum\/\",\"name\":\"Impressum - Gstattlhof, Appartamenti Valle di Braies Lago\",\"isPartOf\":{\"@id\":\"https:\/\/www.gstattlhof.it\/#website\"},\"datePublished\":\"2021-05-17T09:46:50+00:00\",\"dateModified\":\"2024-12-13T08:18:17+00:00\",\"breadcrumb\":{\"@id\":\"https:\/\/www.gstattlhof.it\/it\/impressum\/#breadcrumb\"},\"inLanguage\":\"it-IT\",\"potentialAction\":[{\"@type\":\"ReadAction\",\"target\":[\"https:\/\/www.gstattlhof.it\/it\/impressum\/\"]}]},{\"@type\":\"BreadcrumbList\",\"@id\":\"https:\/\/www.gstattlhof.it\/it\/impressum\/#breadcrumb\",\"itemListElement\":[{\"@type\":\"ListItem\",\"position\":1,\"name\":\"Startseite\",\"item\":\"https:\/\/www.gstattlhof.it\/it\/\"},{\"@type\":\"ListItem\",\"position\":2,\"name\":\"Impressum\"}]},{\"@type\":\"WebSite\",\"@id\":\"https:\/\/www.gstattlhof.it\/#website\",\"url\":\"https:\/\/www.gstattlhof.it\/\",\"name\":\"Gstattlhof\",\"description\":\"Ferienwohnungen in Prags\",\"publisher\":{\"@id\":\"https:\/\/www.gstattlhof.it\/#organization\"},\"potentialAction\":[{\"@type\":\"SearchAction\",\"target\":{\"@type\":\"EntryPoint\",\"urlTemplate\":\"https:\/\/www.gstattlhof.it\/?s={search_term_string}\"},\"query-input\":\"required name=search_term_string\"}],\"inLanguage\":\"it-IT\"},{\"@type\":\"Organization\",\"@id\":\"https:\/\/www.gstattlhof.it\/#organization\",\"name\":\"Appartements Gstattlhof\",\"url\":\"https:\/\/www.gstattlhof.it\/\",\"logo\":{\"@type\":\"ImageObject\",\"inLanguage\":\"it-IT\",\"@id\":\"https:\/\/www.gstattlhof.it\/#\/schema\/logo\/image\/\",\"url\":\"https:\/\/www.gstattlhof.it\/wp-content\/uploads\/gstattlhof-prags.svg\",\"contentUrl\":\"https:\/\/www.gstattlhof.it\/wp-content\/uploads\/gstattlhof-prags.svg\",\"width\":176.74,\"height\":105.32,\"caption\":\"Appartements Gstattlhof\"},\"image\":{\"@id\":\"https:\/\/www.gstattlhof.it\/#\/schema\/logo\/image\/\"}}]}<\/script>\n<!-- \/ Yoast SEO plugin. -->","yoast_head_json":{"title":"Impressum - Gstattlhof, Appartamenti Valle di Braies Lago","robots":{"index":"index","follow":"follow","max-snippet":"max-snippet:-1","max-image-preview":"max-image-preview:large","max-video-preview":"max-video-preview:-1"},"canonical":"https:\/\/www.gstattlhof.it\/it\/impressum\/","og_locale":"it_IT","og_type":"article","og_title":"Impressum - Gstattlhof, Appartamenti Valle di Braies Lago","og_description":"Impressum Proprietario e responsabile per il contenuto:GstattlhofSt. Veit 15 , 39030 BraiesTel. +39 0474 748648info@gstattlhof.itwww.gstattlhof.it Part.IVA: 02300240211Cod.fisc.: SNTJGN74B15H786CCodice destinatario: W7YVJK9 CIN: IT021009B5KVOI2X48 Materiale fotografico:Gstattlhof,Kottersteger, Wisthaler, Colman, Tschurtschenthaler \u2013 Drei Zinnen Marketing\/IDM S\u00fcdtirol Avviso di responsabilit\u00e0:I marchi e le societ\u00e0 citate su questo sito sono di propriet\u00e0 del apposito titolare.Nonostante l\u2019attento controllo dei contenuti, non assumiamo [&hellip;]","og_url":"https:\/\/www.gstattlhof.it\/it\/impressum\/","og_site_name":"Gstattlhof","article_modified_time":"2024-12-13T08:18:17+00:00","twitter_card":"summary_large_image","twitter_misc":{"Tempo di lettura stimato":"1 minuto"},"schema":{"@context":"https:\/\/schema.org","@graph":[{"@type":"WebPage","@id":"https:\/\/www.gstattlhof.it\/it\/impressum\/","url":"https:\/\/www.gstattlhof.it\/it\/impressum\/","name":"Impressum - Gstattlhof, Appartamenti Valle di Braies Lago","isPartOf":{"@id":"https:\/\/www.gstattlhof.it\/#website"},"datePublished":"2021-05-17T09:46:50+00:00","dateModified":"2024-12-13T08:18:17+00:00","breadcrumb":{"@id":"https:\/\/www.gstattlhof.it\/it\/impressum\/#breadcrumb"},"inLanguage":"it-IT","potentialAction":[{"@type":"ReadAction","target":["https:\/\/www.gstattlhof.it\/it\/impressum\/"]}]},{"@type":"BreadcrumbList","@id":"https:\/\/www.gstattlhof.it\/it\/impressum\/#breadcrumb","itemListElement":[{"@type":"ListItem","position":1,"name":"Startseite","item":"https:\/\/www.gstattlhof.it\/it\/"},{"@type":"ListItem","position":2,"name":"Impressum"}]},{"@type":"WebSite","@id":"https:\/\/www.gstattlhof.it\/#website","url":"https:\/\/www.gstattlhof.it\/","name":"Gstattlhof","description":"Ferienwohnungen in Prags","publisher":{"@id":"https:\/\/www.gstattlhof.it\/#organization"},"potentialAction":[{"@type":"SearchAction","target":{"@type":"EntryPoint","urlTemplate":"https:\/\/www.gstattlhof.it\/?s={search_term_string}"},"query-input":"required name=search_term_string"}],"inLanguage":"it-IT"},{"@type":"Organization","@id":"https:\/\/www.gstattlhof.it\/#organization","name":"Appartements Gstattlhof","url":"https:\/\/www.gstattlhof.it\/","logo":{"@type":"ImageObject","inLanguage":"it-IT","@id":"https:\/\/www.gstattlhof.it\/#\/schema\/logo\/image\/","url":"https:\/\/www.gstattlhof.it\/wp-content\/uploads\/gstattlhof-prags.svg","contentUrl":"https:\/\/www.gstattlhof.it\/wp-content\/uploads\/gstattlhof-prags.svg","width":176.74,"height":105.32,"caption":"Appartements Gstattlhof"},"image":{"@id":"https:\/\/www.gstattlhof.it\/#\/schema\/logo\/image\/"}}]}},"_links":{"self":[{"href":"https:\/\/www.gstattlhof.it\/it\/wp-json\/wp\/v2\/pages\/1153"}],"collection":[{"href":"https:\/\/www.gstattlhof.it\/it\/wp-json\/wp\/v2\/pages"}],"about":[{"href":"https:\/\/www.gstattlhof.it\/it\/wp-json\/wp\/v2\/types\/page"}],"author":[{"embeddable":true,"href":"https:\/\/www.gstattlhof.it\/it\/wp-json\/wp\/v2\/users\/1"}],"replies":[{"embeddable":true,"href":"https:\/\/www.gstattlhof.it\/it\/wp-json\/wp\/v2\/comments?post=1153"}],"version-history":[{"count":5,"href":"https:\/\/www.gstattlhof.it\/it\/wp-json\/wp\/v2\/pages\/1153\/revisions"}],"predecessor-version":[{"id":2129,"href":"https:\/\/www.gstattlhof.it\/it\/wp-json\/wp\/v2\/pages\/1153\/revisions\/2129"}],"wp:attachment":[{"href":"https:\/\/www.gstattlhof.it\/it\/wp-json\/wp\/v2\/media?parent=1153"}],"curies":[{"name":"wp","href":"https:\/\/api.w.org\/{rel}","templated":true}]}}